{"id":2,"date":"2021-09-27T12:35:03","date_gmt":"2021-09-27T12:35:03","guid":{"rendered":"http:\/\/www.rundertischgegengewalt-rbk.de\/?page_id=2"},"modified":"2022-01-31T08:35:23","modified_gmt":"2022-01-31T08:35:23","slug":"betroffene","status":"publish","type":"page","link":"https:\/\/www.rundertischgegengewalt-rbk.de\/?page_id=2","title":{"rendered":"Betroffene"},"content":{"rendered":"<div class='flex_column av-c2s-67af2344c6e44415004f584ae9433e9e av_one_fifth  avia-builder-el-0  el_before_av_four_fifth  avia-builder-el-first  first no_margin flex_column_div av-hide-on-mobile '   ><\/div>\n\n<style type=\"text\/css\" data-created_by=\"avia_inline_auto\" id=\"style-css-av-ena-4cad58390db93f733addb7c54d04322a\">\n.flex_column.av-ena-4cad58390db93f733addb7c54d04322a{\npadding:0 0 0 0;\n}\n<\/style>\n<div class='flex_column av-ena-4cad58390db93f733addb7c54d04322a av_four_fifth  avia-builder-el-1  el_after_av_one_fifth  avia-builder-el-last  no_margin flex_column_div '   ><p>\n<style type=\"text\/css\" data-created_by=\"avia_inline_auto\" id=\"style-css-av-kv9f3692-764f2151c93abfa23974de8dfcc25186\">\n#top .av-special-heading.av-kv9f3692-764f2151c93abfa23974de8dfcc25186{\npadding-bottom:10px;\n}\n<\/style>\n<div  class='av-special-heading av-kv9f3692-764f2151c93abfa23974de8dfcc25186 av-special-heading-h3 blockquote modern-quote  avia-builder-el-2  el_before_av_textblock  avia-builder-el-first  '><h3 class='av-special-heading-tag '  itemprop=\"headline\"  >Info zu Hilfsangeboten f\u00fcr Betroffene<\/h3><div class='special-heading-border'><div class='special-heading-inner-border'><\/div><\/div><\/div><br \/>\n<section class=\"av_textblock_section \"  itemscope=\"itemscope\" itemtype=\"https:\/\/schema.org\/CreativeWork\" ><div class='avia_textblock  '   itemprop=\"text\" ><p>Betroffene und ihre Mitmenschen brauchen besondere Unterst\u00fctzung.<\/p>\n<p>Professionelle Hilfe und menschlichen Beistand als Unterst\u00fctzung f\u00fcr Ihre individuelle Situation erhalten Sie von entsprechenden Fachkr\u00e4ften in unserem Netzwerk. Der Erstkontakt findet \u00fcber eines unserer Hilfetelefone statt, indem Sie Ihre Anliegen ausf\u00fchrlich schildern k\u00f6nnen. Wir erm\u00f6glichen Ihnen m\u00f6glichst zeitnah ein vertrauliches Beratungsgespr\u00e4ch, damit wir gemeinsam die passenden Hilfs- und Unterst\u00fctzungsm\u00f6glichkeiten f\u00fcr Sie finden k\u00f6nnen.<\/p>\n<p>Des Weiteren stehen wir ausdr\u00fccklich auch den Angeh\u00f6rigen und anderen Beteiligten mit Rat und Tat zur Seite.<\/p>\n<p><strong>Hier bekommen Sie Hilfe:<\/strong><\/p>\n<p><strong>Polizei<\/strong><br \/>\nTelefon: 110<\/p>\n<p><strong>Allgemeine Frauenberatungsstelle<\/strong><br \/>\n<strong> f\u00fcr den Rheinisch-Bergischen Kreis<\/strong><br \/>\nTelefon: 02202 45112<br \/>\nfrauenberatungsstelle-bgl@t-online.de<br \/>\nwww.frauenhelfenfrauen-gl.de<\/p>\n<p><strong>Fachberatungsstelle gegen sexualisierte Gewalt f\u00fcr den Rheinisch-Bergischen Kreis<\/strong><br \/>\nTelefon: 02174 1047<br \/>\nteam@frauenberatung-burscheid.de<br \/>\nwww.frauenberatung-burscheid.de<\/p>\n<\/div><\/section><\/p><\/div>\n","protected":false},"excerpt":{"rendered":"","protected":false},"author":1,"featured_media":0,"parent":0,"menu_order":0,"comment_status":"closed","ping_status":"closed","template":"","meta":{"footnotes":""},"class_list":["post-2","page","type-page","status-publish","hentry"],"yoast_head":"<!-- This site is optimized with the Yoast SEO plugin v22.6 - https:\/\/yoast.com\/wordpress\/plugins\/seo\/ -->\n<title>Betroffene - Runder Tisch<\/title>\n<meta name=\"robots\" content=\"index, follow, max-snippet:-1, max-image-preview:large, max-video-preview:-1\" \/>\n<link rel=\"canonical\" href=\"https:\/\/www.rundertischgegengewalt-rbk.de\/?page_id=2\" \/>\n<meta property=\"og:locale\" content=\"de_DE\" \/>\n<meta property=\"og:type\" content=\"article\" \/>\n<meta property=\"og:title\" content=\"Betroffene - Runder Tisch\" \/>\n<meta property=\"og:url\" content=\"https:\/\/www.rundertischgegengewalt-rbk.de\/?page_id=2\" \/>\n<meta property=\"og:site_name\" content=\"Runder Tisch\" \/>\n<meta property=\"article:modified_time\" content=\"2022-01-31T08:35:23+00:00\" \/>\n<meta name=\"twitter:card\" content=\"summary_large_image\" \/>\n<meta name=\"twitter:label1\" content=\"Gesch\u00e4tzte Lesezeit\" \/>\n\t<meta name=\"twitter:data1\" content=\"2\u00a0Minuten\" \/>\n<script type=\"application\/ld+json\" class=\"yoast-schema-graph\">{\"@context\":\"https:\/\/schema.org\",\"@graph\":[{\"@type\":\"WebPage\",\"@id\":\"https:\/\/www.rundertischgegengewalt-rbk.de\/?page_id=2\",\"url\":\"https:\/\/www.rundertischgegengewalt-rbk.de\/?page_id=2\",\"name\":\"Betroffene - Runder Tisch\",\"isPartOf\":{\"@id\":\"https:\/\/www.rundertischgegengewalt-rbk.de\/#website\"},\"datePublished\":\"2021-09-27T12:35:03+00:00\",\"dateModified\":\"2022-01-31T08:35:23+00:00\",\"breadcrumb\":{\"@id\":\"https:\/\/www.rundertischgegengewalt-rbk.de\/?page_id=2#breadcrumb\"},\"inLanguage\":\"de\",\"potentialAction\":[{\"@type\":\"ReadAction\",\"target\":[\"https:\/\/www.rundertischgegengewalt-rbk.de\/?page_id=2\"]}]},{\"@type\":\"BreadcrumbList\",\"@id\":\"https:\/\/www.rundertischgegengewalt-rbk.de\/?page_id=2#breadcrumb\",\"itemListElement\":[{\"@type\":\"ListItem\",\"position\":1,\"name\":\"Startseite\",\"item\":\"https:\/\/www.rundertischgegengewalt-rbk.de\/\"},{\"@type\":\"ListItem\",\"position\":2,\"name\":\"Betroffene\"}]},{\"@type\":\"WebSite\",\"@id\":\"https:\/\/www.rundertischgegengewalt-rbk.de\/#website\",\"url\":\"https:\/\/www.rundertischgegengewalt-rbk.de\/\",\"name\":\"Runder Tisch\",\"description\":\"Keine Gewalt an Frauen\",\"publisher\":{\"@id\":\"https:\/\/www.rundertischgegengewalt-rbk.de\/#organization\"},\"potentialAction\":[{\"@type\":\"SearchAction\",\"target\":{\"@type\":\"EntryPoint\",\"urlTemplate\":\"https:\/\/www.rundertischgegengewalt-rbk.de\/?s={search_term_string}\"},\"query-input\":\"required name=search_term_string\"}],\"inLanguage\":\"de\"},{\"@type\":\"Organization\",\"@id\":\"https:\/\/www.rundertischgegengewalt-rbk.de\/#organization\",\"name\":\"Runder Tisch gegen h\u00e4usliche Gewalt im Rheinisch-Bergischen-Kreis\",\"url\":\"https:\/\/www.rundertischgegengewalt-rbk.de\/\",\"logo\":{\"@type\":\"ImageObject\",\"inLanguage\":\"de\",\"@id\":\"https:\/\/www.rundertischgegengewalt-rbk.de\/#\/schema\/logo\/image\/\",\"url\":\"http:\/\/www.rundertischgegengewalt-rbk.de\/wp-content\/uploads\/2021\/10\/logo_mit_schrift.png\",\"contentUrl\":\"http:\/\/www.rundertischgegengewalt-rbk.de\/wp-content\/uploads\/2021\/10\/logo_mit_schrift.png\",\"width\":598,\"height\":558,\"caption\":\"Runder Tisch gegen h\u00e4usliche Gewalt im Rheinisch-Bergischen-Kreis\"},\"image\":{\"@id\":\"https:\/\/www.rundertischgegengewalt-rbk.de\/#\/schema\/logo\/image\/\"}}]}<\/script>\n<!-- \/ Yoast SEO plugin. -->","yoast_head_json":{"title":"Betroffene - Runder Tisch","robots":{"index":"index","follow":"follow","max-snippet":"max-snippet:-1","max-image-preview":"max-image-preview:large","max-video-preview":"max-video-preview:-1"},"canonical":"https:\/\/www.rundertischgegengewalt-rbk.de\/?page_id=2","og_locale":"de_DE","og_type":"article","og_title":"Betroffene - Runder Tisch","og_url":"https:\/\/www.rundertischgegengewalt-rbk.de\/?page_id=2","og_site_name":"Runder Tisch","article_modified_time":"2022-01-31T08:35:23+00:00","twitter_card":"summary_large_image","twitter_misc":{"Gesch\u00e4tzte Lesezeit":"2\u00a0Minuten"},"schema":{"@context":"https:\/\/schema.org","@graph":[{"@type":"WebPage","@id":"https:\/\/www.rundertischgegengewalt-rbk.de\/?page_id=2","url":"https:\/\/www.rundertischgegengewalt-rbk.de\/?page_id=2","name":"Betroffene - Runder Tisch","isPartOf":{"@id":"https:\/\/www.rundertischgegengewalt-rbk.de\/#website"},"datePublished":"2021-09-27T12:35:03+00:00","dateModified":"2022-01-31T08:35:23+00:00","breadcrumb":{"@id":"https:\/\/www.rundertischgegengewalt-rbk.de\/?page_id=2#breadcrumb"},"inLanguage":"de","potentialAction":[{"@type":"ReadAction","target":["https:\/\/www.rundertischgegengewalt-rbk.de\/?page_id=2"]}]},{"@type":"BreadcrumbList","@id":"https:\/\/www.rundertischgegengewalt-rbk.de\/?page_id=2#breadcrumb","itemListElement":[{"@type":"ListItem","position":1,"name":"Startseite","item":"https:\/\/www.rundertischgegengewalt-rbk.de\/"},{"@type":"ListItem","position":2,"name":"Betroffene"}]},{"@type":"WebSite","@id":"https:\/\/www.rundertischgegengewalt-rbk.de\/#website","url":"https:\/\/www.rundertischgegengewalt-rbk.de\/","name":"Runder Tisch","description":"Keine Gewalt an Frauen","publisher":{"@id":"https:\/\/www.rundertischgegengewalt-rbk.de\/#organization"},"potentialAction":[{"@type":"SearchAction","target":{"@type":"EntryPoint","urlTemplate":"https:\/\/www.rundertischgegengewalt-rbk.de\/?s={search_term_string}"},"query-input":"required name=search_term_string"}],"inLanguage":"de"},{"@type":"Organization","@id":"https:\/\/www.rundertischgegengewalt-rbk.de\/#organization","name":"Runder Tisch gegen h\u00e4usliche Gewalt im Rheinisch-Bergischen-Kreis","url":"https:\/\/www.rundertischgegengewalt-rbk.de\/","logo":{"@type":"ImageObject","inLanguage":"de","@id":"https:\/\/www.rundertischgegengewalt-rbk.de\/#\/schema\/logo\/image\/","url":"http:\/\/www.rundertischgegengewalt-rbk.de\/wp-content\/uploads\/2021\/10\/logo_mit_schrift.png","contentUrl":"http:\/\/www.rundertischgegengewalt-rbk.de\/wp-content\/uploads\/2021\/10\/logo_mit_schrift.png","width":598,"height":558,"caption":"Runder Tisch gegen h\u00e4usliche Gewalt im Rheinisch-Bergischen-Kreis"},"image":{"@id":"https:\/\/www.rundertischgegengewalt-rbk.de\/#\/schema\/logo\/image\/"}}]}},"_links":{"self":[{"href":"https:\/\/www.rundertischgegengewalt-rbk.de\/index.php?rest_route=\/wp\/v2\/pages\/2","targetHints":{"allow":["GET"]}}],"collection":[{"href":"https:\/\/www.rundertischgegengewalt-rbk.de\/index.php?rest_route=\/wp\/v2\/pages"}],"about":[{"href":"https:\/\/www.rundertischgegengewalt-rbk.de\/index.php?rest_route=\/wp\/v2\/types\/page"}],"author":[{"embeddable":true,"href":"https:\/\/www.rundertischgegengewalt-rbk.de\/index.php?rest_route=\/wp\/v2\/users\/1"}],"replies":[{"embeddable":true,"href":"https:\/\/www.rundertischgegengewalt-rbk.de\/index.php?rest_route=%2Fwp%2Fv2%2Fcomments&post=2"}],"version-history":[{"count":12,"href":"https:\/\/www.rundertischgegengewalt-rbk.de\/index.php?rest_route=\/wp\/v2\/pages\/2\/revisions"}],"predecessor-version":[{"id":254,"href":"https:\/\/www.rundertischgegengewalt-rbk.de\/index.php?rest_route=\/wp\/v2\/pages\/2\/revisions\/254"}],"wp:attachment":[{"href":"https:\/\/www.rundertischgegengewalt-rbk.de\/index.php?rest_route=%2Fwp%2Fv2%2Fmedia&parent=2"}],"curies":[{"name":"wp","href":"https:\/\/api.w.org\/{rel}","templated":true}]}}