{"id":32,"date":"2021-10-27T11:09:17","date_gmt":"2021-10-27T11:09:17","guid":{"rendered":"http:\/\/www.rundertischgegengewalt-rbk.de\/?page_id=32"},"modified":"2022-04-22T11:14:29","modified_gmt":"2022-04-22T11:14:29","slug":"startseite","status":"publish","type":"page","link":"https:\/\/www.rundertischgegengewalt-rbk.de\/","title":{"rendered":"Startseite"},"content":{"rendered":"<div class='flex_column_table av-kv9erk3b-3f45c34dc251a076a8a4d64abf089ecc sc-av_one_fourth av-equal-height-column-flextable'>\n<style type=\"text\/css\" data-created_by=\"avia_inline_auto\" id=\"style-css-av-kv9erk3b-3f45c34dc251a076a8a4d64abf089ecc\">\n#top .flex_column_table.av-equal-height-column-flextable.av-kv9erk3b-3f45c34dc251a076a8a4d64abf089ecc{\nmargin-top:0px;\nmargin-bottom:0px;\n}\n.flex_column.av-kv9erk3b-3f45c34dc251a076a8a4d64abf089ecc{\npadding:20px 20px 20px 20px;\nbackground-color:#e8e8e8;\n}\n<\/style>\n<div class='flex_column av-kv9erk3b-3f45c34dc251a076a8a4d64abf089ecc av_one_fourth  avia-builder-el-0  el_before_av_three_fourth  avia-builder-el-first  first no_margin flex_column_table_cell av-equal-height-column av-align-top '   ><p>\n<style type=\"text\/css\" data-created_by=\"avia_inline_auto\" id=\"style-css-av-kv9epfb0-92e19b71f74f43be11f9cdfb236e86b3\">\n#top .av-special-heading.av-kv9epfb0-92e19b71f74f43be11f9cdfb236e86b3{\npadding-bottom:10px;\n}\n<\/style>\n<div  class='av-special-heading av-kv9epfb0-92e19b71f74f43be11f9cdfb236e86b3 av-special-heading-h3 blockquote modern-quote  avia-builder-el-1  el_before_av_textblock  avia-builder-el-first  '><h3 class='av-special-heading-tag '  itemprop=\"headline\"  >Kurze Info der Arbeit des Runden Tischs.<\/h3><div class='special-heading-border'><div class='special-heading-inner-border'><\/div><\/div><\/div><br \/>\n<section class=\"av_textblock_section \"  itemscope=\"itemscope\" itemtype=\"https:\/\/schema.org\/CreativeWork\" ><div class='avia_textblock us_narrow '  style='font-size:13px; '  itemprop=\"text\" ><p><strong>Wer- oder was ist der<br \/>\n\u201eRunder Tisch\u201c?<\/strong><\/p>\n<p>Wir engagieren uns f\u00fcr Betroffene von seelischer (psychischer) und k\u00f6rperlicher (physischer) Gewalt.<\/p>\n<p>Damit f\u00fcr Sie (Ihre individuelle Situation), die passenden Hilfs- und Unterst\u00fctzungsm\u00f6glichkeiten gefunden werden, ist der RT (RBK) ein Netzwerk aus verschiedenen Fachbereichen, wie Beratungsstellen, Frauenh\u00e4user, Gleichstellungsstellen, Polizei, Justiz, Jugend\u00e4mter, Gesundheitswesen u.v.m. miteinander vernetzt, um Opfern von Gewalt jeglicher Art zu helfen.<\/p>\n<p>Vertraulichkeit und Diskretion sind f\u00fcr uns eine Selbstverst\u00e4ndlichkeit und verpflichtend!<\/p>\n<p>Telefonische Hilfe:<br \/>\nPolizei Tel.: 110<\/p>\n<p>Allgemeine Frauenberatungsstelle<br \/>\nf\u00fcr den Rheinisch-Bergischen Kreis<br \/>\nTel.: 02202 45112<\/p>\n<p>Fachberatungsstelle gegen sexualisierte Gewalt f\u00fcr den Rheinisch-Bergischen Kreis<br \/>\nTel.: 02174 1047<\/p>\n<\/div><\/section><\/p><\/div>\n<style type=\"text\/css\" data-created_by=\"avia_inline_auto\" id=\"style-css-av-kv9eyjt8-acdc2e0125c906e40c426238d69e8c8a\">\n#top .flex_column_table.av-equal-height-column-flextable.av-kv9eyjt8-acdc2e0125c906e40c426238d69e8c8a{\nmargin-top:0px;\nmargin-bottom:0px;\n}\n.flex_column.av-kv9eyjt8-acdc2e0125c906e40c426238d69e8c8a{\npadding:20px 20px 20px 20px;\nbackground:url(https:\/\/www.rundertischgegengewalt-rbk.de\/wp-content\/uploads\/2021\/11\/TITEL-DREI-FRAUEN-OHNE-TEXT.png) 50% 50% no-repeat  ;\n}\n<\/style>\n<div class='flex_column av-kv9eyjt8-acdc2e0125c906e40c426238d69e8c8a av_three_fourth  avia-builder-el-3  el_after_av_one_fourth  avia-builder-el-last  no_margin flex_column_table_cell av-equal-height-column av-align-top avia-full-stretch '   ><section class=\"av_textblock_section \"  itemscope=\"itemscope\" itemtype=\"https:\/\/schema.org\/CreativeWork\" ><div class='avia_textblock  av_inherit_color '  style='color:#ffffff; '  itemprop=\"text\" ><h2 style=\"text-align: center;\">H\u00e4usliche Gewalt ist keine Privatsache<\/h2>\n<h2 style=\"text-align: center;\">Domestic violence is not a private matter<\/h2>\n<h2 style=\"text-align: center;\">Ev i\u00e7i \u015fiddet, \u015fahsi bir mesele de\u011fildir<\/h2>\n<h2 style=\"text-align: center;\">\u0644\u064a\u0633 \u0627\u0644\u0639\u0646\u0641 \u0627\u0645\u0644\u0646\u0632\u064a\u0644 \u0645\u0633\u0623\u0644\u0629 \u062e\u0627\u0635\u0629<\/h2>\n\n<style type=\"text\/css\" data-created_by=\"avia_inline_auto\" id=\"style-css-av-uc2s-18364228de88b5ca23c9493e55af8a7c\">\n#top .hr.hr-invisible.av-uc2s-18364228de88b5ca23c9493e55af8a7c{\nheight:100px;\n}\n<\/style>\n<div  class='hr av-uc2s-18364228de88b5ca23c9493e55af8a7c hr-invisible  avia-builder-el-5  avia-builder-el-no-sibling  '><span class='hr-inner '><span class=\"hr-inner-style\"><\/span><\/span><\/div>\n<\/div><\/section><\/div><\/div><!--close column table wrapper. Autoclose: 1 --><\/p>\n","protected":false},"excerpt":{"rendered":"","protected":false},"author":1,"featured_media":0,"parent":0,"menu_order":0,"comment_status":"closed","ping_status":"closed","template":"","meta":{"footnotes":""},"class_list":["post-32","page","type-page","status-publish","hentry"],"yoast_head":"<!-- This site is optimized with the Yoast SEO plugin v22.6 - https:\/\/yoast.com\/wordpress\/plugins\/seo\/ -->\n<title>Startseite - Runder Tisch<\/title>\n<meta name=\"robots\" content=\"index, follow, max-snippet:-1, max-image-preview:large, max-video-preview:-1\" \/>\n<link rel=\"canonical\" href=\"https:\/\/www.rundertischgegengewalt-rbk.de\/\" \/>\n<meta property=\"og:locale\" content=\"de_DE\" \/>\n<meta property=\"og:type\" content=\"article\" \/>\n<meta property=\"og:title\" content=\"Startseite - Runder Tisch\" \/>\n<meta property=\"og:url\" content=\"https:\/\/www.rundertischgegengewalt-rbk.de\/\" \/>\n<meta property=\"og:site_name\" content=\"Runder Tisch\" \/>\n<meta property=\"article:modified_time\" content=\"2022-04-22T11:14:29+00:00\" \/>\n<meta name=\"twitter:card\" content=\"summary_large_image\" \/>\n<meta name=\"twitter:label1\" content=\"Gesch\u00e4tzte Lesezeit\" \/>\n\t<meta name=\"twitter:data1\" content=\"2\u00a0Minuten\" \/>\n<script type=\"application\/ld+json\" class=\"yoast-schema-graph\">{\"@context\":\"https:\/\/schema.org\",\"@graph\":[{\"@type\":\"WebPage\",\"@id\":\"https:\/\/www.rundertischgegengewalt-rbk.de\/\",\"url\":\"https:\/\/www.rundertischgegengewalt-rbk.de\/\",\"name\":\"Startseite - Runder Tisch\",\"isPartOf\":{\"@id\":\"https:\/\/www.rundertischgegengewalt-rbk.de\/#website\"},\"datePublished\":\"2021-10-27T11:09:17+00:00\",\"dateModified\":\"2022-04-22T11:14:29+00:00\",\"breadcrumb\":{\"@id\":\"https:\/\/www.rundertischgegengewalt-rbk.de\/#breadcrumb\"},\"inLanguage\":\"de\",\"potentialAction\":[{\"@type\":\"ReadAction\",\"target\":[\"https:\/\/www.rundertischgegengewalt-rbk.de\/\"]}]},{\"@type\":\"BreadcrumbList\",\"@id\":\"https:\/\/www.rundertischgegengewalt-rbk.de\/#breadcrumb\",\"itemListElement\":[{\"@type\":\"ListItem\",\"position\":1,\"name\":\"Startseite\",\"item\":\"https:\/\/www.rundertischgegengewalt-rbk.de\/\"},{\"@type\":\"ListItem\",\"position\":2,\"name\":\"Startseite\"}]},{\"@type\":\"WebSite\",\"@id\":\"https:\/\/www.rundertischgegengewalt-rbk.de\/#website\",\"url\":\"https:\/\/www.rundertischgegengewalt-rbk.de\/\",\"name\":\"Runder Tisch\",\"description\":\"Keine Gewalt an Frauen\",\"publisher\":{\"@id\":\"https:\/\/www.rundertischgegengewalt-rbk.de\/#organization\"},\"potentialAction\":[{\"@type\":\"SearchAction\",\"target\":{\"@type\":\"EntryPoint\",\"urlTemplate\":\"https:\/\/www.rundertischgegengewalt-rbk.de\/?s={search_term_string}\"},\"query-input\":\"required name=search_term_string\"}],\"inLanguage\":\"de\"},{\"@type\":\"Organization\",\"@id\":\"https:\/\/www.rundertischgegengewalt-rbk.de\/#organization\",\"name\":\"Runder Tisch gegen h\u00e4usliche Gewalt im Rheinisch-Bergischen-Kreis\",\"url\":\"https:\/\/www.rundertischgegengewalt-rbk.de\/\",\"logo\":{\"@type\":\"ImageObject\",\"inLanguage\":\"de\",\"@id\":\"https:\/\/www.rundertischgegengewalt-rbk.de\/#\/schema\/logo\/image\/\",\"url\":\"http:\/\/www.rundertischgegengewalt-rbk.de\/wp-content\/uploads\/2021\/10\/logo_mit_schrift.png\",\"contentUrl\":\"http:\/\/www.rundertischgegengewalt-rbk.de\/wp-content\/uploads\/2021\/10\/logo_mit_schrift.png\",\"width\":598,\"height\":558,\"caption\":\"Runder Tisch gegen h\u00e4usliche Gewalt im Rheinisch-Bergischen-Kreis\"},\"image\":{\"@id\":\"https:\/\/www.rundertischgegengewalt-rbk.de\/#\/schema\/logo\/image\/\"}}]}<\/script>\n<!-- \/ Yoast SEO plugin. -->","yoast_head_json":{"title":"Startseite - Runder Tisch","robots":{"index":"index","follow":"follow","max-snippet":"max-snippet:-1","max-image-preview":"max-image-preview:large","max-video-preview":"max-video-preview:-1"},"canonical":"https:\/\/www.rundertischgegengewalt-rbk.de\/","og_locale":"de_DE","og_type":"article","og_title":"Startseite - Runder Tisch","og_url":"https:\/\/www.rundertischgegengewalt-rbk.de\/","og_site_name":"Runder Tisch","article_modified_time":"2022-04-22T11:14:29+00:00","twitter_card":"summary_large_image","twitter_misc":{"Gesch\u00e4tzte Lesezeit":"2\u00a0Minuten"},"schema":{"@context":"https:\/\/schema.org","@graph":[{"@type":"WebPage","@id":"https:\/\/www.rundertischgegengewalt-rbk.de\/","url":"https:\/\/www.rundertischgegengewalt-rbk.de\/","name":"Startseite - Runder Tisch","isPartOf":{"@id":"https:\/\/www.rundertischgegengewalt-rbk.de\/#website"},"datePublished":"2021-10-27T11:09:17+00:00","dateModified":"2022-04-22T11:14:29+00:00","breadcrumb":{"@id":"https:\/\/www.rundertischgegengewalt-rbk.de\/#breadcrumb"},"inLanguage":"de","potentialAction":[{"@type":"ReadAction","target":["https:\/\/www.rundertischgegengewalt-rbk.de\/"]}]},{"@type":"BreadcrumbList","@id":"https:\/\/www.rundertischgegengewalt-rbk.de\/#breadcrumb","itemListElement":[{"@type":"ListItem","position":1,"name":"Startseite","item":"https:\/\/www.rundertischgegengewalt-rbk.de\/"},{"@type":"ListItem","position":2,"name":"Startseite"}]},{"@type":"WebSite","@id":"https:\/\/www.rundertischgegengewalt-rbk.de\/#website","url":"https:\/\/www.rundertischgegengewalt-rbk.de\/","name":"Runder Tisch","description":"Keine Gewalt an Frauen","publisher":{"@id":"https:\/\/www.rundertischgegengewalt-rbk.de\/#organization"},"potentialAction":[{"@type":"SearchAction","target":{"@type":"EntryPoint","urlTemplate":"https:\/\/www.rundertischgegengewalt-rbk.de\/?s={search_term_string}"},"query-input":"required name=search_term_string"}],"inLanguage":"de"},{"@type":"Organization","@id":"https:\/\/www.rundertischgegengewalt-rbk.de\/#organization","name":"Runder Tisch gegen h\u00e4usliche Gewalt im Rheinisch-Bergischen-Kreis","url":"https:\/\/www.rundertischgegengewalt-rbk.de\/","logo":{"@type":"ImageObject","inLanguage":"de","@id":"https:\/\/www.rundertischgegengewalt-rbk.de\/#\/schema\/logo\/image\/","url":"http:\/\/www.rundertischgegengewalt-rbk.de\/wp-content\/uploads\/2021\/10\/logo_mit_schrift.png","contentUrl":"http:\/\/www.rundertischgegengewalt-rbk.de\/wp-content\/uploads\/2021\/10\/logo_mit_schrift.png","width":598,"height":558,"caption":"Runder Tisch gegen h\u00e4usliche Gewalt im Rheinisch-Bergischen-Kreis"},"image":{"@id":"https:\/\/www.rundertischgegengewalt-rbk.de\/#\/schema\/logo\/image\/"}}]}},"_links":{"self":[{"href":"https:\/\/www.rundertischgegengewalt-rbk.de\/index.php?rest_route=\/wp\/v2\/pages\/32","targetHints":{"allow":["GET"]}}],"collection":[{"href":"https:\/\/www.rundertischgegengewalt-rbk.de\/index.php?rest_route=\/wp\/v2\/pages"}],"about":[{"href":"https:\/\/www.rundertischgegengewalt-rbk.de\/index.php?rest_route=\/wp\/v2\/types\/page"}],"author":[{"embeddable":true,"href":"https:\/\/www.rundertischgegengewalt-rbk.de\/index.php?rest_route=\/wp\/v2\/users\/1"}],"replies":[{"embeddable":true,"href":"https:\/\/www.rundertischgegengewalt-rbk.de\/index.php?rest_route=%2Fwp%2Fv2%2Fcomments&post=32"}],"version-history":[{"count":30,"href":"https:\/\/www.rundertischgegengewalt-rbk.de\/index.php?rest_route=\/wp\/v2\/pages\/32\/revisions"}],"predecessor-version":[{"id":252,"href":"https:\/\/www.rundertischgegengewalt-rbk.de\/index.php?rest_route=\/wp\/v2\/pages\/32\/revisions\/252"}],"wp:attachment":[{"href":"https:\/\/www.rundertischgegengewalt-rbk.de\/index.php?rest_route=%2Fwp%2Fv2%2Fmedia&parent=32"}],"curies":[{"name":"wp","href":"https:\/\/api.w.org\/{rel}","templated":true}]}}