{"id":92,"date":"2021-11-16T15:42:18","date_gmt":"2021-11-16T15:42:18","guid":{"rendered":"http:\/\/www.rundertischgegengewalt-rbk.de\/?page_id=92"},"modified":"2022-01-31T08:43:55","modified_gmt":"2022-01-31T08:43:55","slug":"impressum","status":"publish","type":"page","link":"https:\/\/www.rundertischgegengewalt-rbk.de\/?page_id=92","title":{"rendered":"Impressum"},"content":{"rendered":"<div class='flex_column av-rxe8-3c6dd3750730fc8dda36e9c6f0237862 av_one_fifth  avia-builder-el-0  el_before_av_four_fifth  avia-builder-el-first  first no_margin flex_column_div av-hide-on-mobile '   ><\/div>\n\n<style type=\"text\/css\" data-created_by=\"avia_inline_auto\" id=\"style-css-av-qhjk-5c4b6995331ae682f6030d715a914d33\">\n.flex_column.av-qhjk-5c4b6995331ae682f6030d715a914d33{\npadding:0 0 0 0;\n}\n<\/style>\n<div class='flex_column av-qhjk-5c4b6995331ae682f6030d715a914d33 av_four_fifth  avia-builder-el-1  el_after_av_one_fifth  avia-builder-el-last  no_margin flex_column_div '   ><p>\n<style type=\"text\/css\" data-created_by=\"avia_inline_auto\" id=\"style-css-av-kw29knnb-935edd0bf0c593c9cbd8a5e732b345c0\">\n#top .av-special-heading.av-kw29knnb-935edd0bf0c593c9cbd8a5e732b345c0{\npadding-bottom:10px;\n}\n<\/style>\n<div  class='av-special-heading av-kw29knnb-935edd0bf0c593c9cbd8a5e732b345c0 av-special-heading-h3 blockquote modern-quote  avia-builder-el-2  el_before_av_textblock  avia-builder-el-first  '><h3 class='av-special-heading-tag '  itemprop=\"headline\"  >Impressum<\/h3><div class='special-heading-border'><div class='special-heading-inner-border'><\/div><\/div><\/div><br \/>\n<section class=\"av_textblock_section \"  itemscope=\"itemscope\" itemtype=\"https:\/\/schema.org\/CreativeWork\" ><div class='avia_textblock  '   itemprop=\"text\" ><p><strong>Impressum<\/strong><br \/>\nRunder Tisch gegen h\u00e4usliche Gewalt im Rheinisch-Bergischen-Kreis<\/p>\n<p>Gef\u00f6rdert vom:<\/p>\n<p><img loading=\"lazy\" decoding=\"async\" class=\"alignnone size-medium wp-image-213\" src=\"http:\/\/www.rundertischgegengewalt-rbk.de\/wp-content\/uploads\/2021\/11\/mhkbg_nrw-300x64.png\" alt=\"\" width=\"300\" height=\"64\" srcset=\"https:\/\/www.rundertischgegengewalt-rbk.de\/wp-content\/uploads\/2021\/11\/mhkbg_nrw-300x64.png 300w, https:\/\/www.rundertischgegengewalt-rbk.de\/wp-content\/uploads\/2021\/11\/mhkbg_nrw.png 664w\" sizes=\"auto, (max-width: 300px) 100vw, 300px\" \/><\/p>\n<p><strong>Verantwortlich<\/strong><br \/>\nRheinisch-Bergischer-Kreis<br \/>\nDer Landrat<br \/>\nGleichstellungsbeauftragte Anja M\u00f6ldgen<\/p>\n<p>Am R\u00fcbezahlwald 7<br \/>\n51469 Bergisch Gladbach<br \/>\nTelefon: + 49 2202 13-2750<br \/>\nTelefax: + 49 2202 13-10 2600<br \/>\nE-Mail: gleichstellung@rbk-online.de<\/p>\n<p><strong>Haftung f\u00fcr Inhalte<\/strong><br \/>\nObwohl wir uns um Aktualit\u00e4t, Vollst\u00e4ndigkeit und Richtigkeit der Inhalte unserer Seiten bem\u00fchen, k\u00f6nnen wir hierf\u00fcr keine Garantie \u00fcbernehmen.<\/p>\n<p>Nach \u00a7 7 Absatz 1 TDG sind wir als Diensteanbieter f\u00fcr eigene Inhalte auf unseren Seiten nach den allgemeinen Gesetzen verantwortlich.<\/p>\n<p>Eine Verpflichtung zur \u00dcberwachung \u00fcbermittelter oder gespeicherter fremder Informationen besteht jedoch nicht (\u00a7\u00a7 8-10 TDG). Sobald uns Rechtsverst\u00f6\u00dfe bekannt werden, werden wir die entsprechenden Inhalte umgehend entfernen. Eine dahingehende Haftung wird jedoch erst ab dem Zeitpunkt der Kenntnis konkreter Rechtsverletzungen \u00fcbernommen.<\/p>\n<p><strong>Haftung f\u00fcr Links<\/strong><br \/>\nUnsere Seiten enthalten Links auf externe Webseiten Dritter. Auf die Inhalte dieser verlinkten Webseiten haben wir keinen Einfluss. F\u00fcr die Richtigkeit der Inhalte ist immer der jeweilige Anbieter oder Betreiber verantwortlich, weshalb wir diesbez\u00fcglich keinerlei Gew\u00e4hr \u00fcbernehmen.<\/p>\n<p>Die fremden Webseiten haben wir zum Zeitpunkt der Verlinkung auf m\u00f6gliche Rechtsverst\u00f6\u00dfe \u00fcberpr\u00fcft. Zum Zeitpunkt der Verlinkung waren keinerlei Rechtsverletzungen erkennbar. Eine st\u00e4ndige \u00dcberpr\u00fcfung s\u00e4mtlicher Inhalte der von uns verlinkten Seiten ohne tats\u00e4chliche Anhaltspunkte f\u00fcr einen Rechtsversto\u00df k\u00f6nnen wir nicht leisten. Falls uns Rechtsverletzungen bekannt werden, werden wir die entsprechenden Links sofort entfernen.<\/p>\n<p><strong>Urheberrecht<\/strong><br \/>\nDie durch den Betreiber dieser Seite erstellten Inhalte und Werke auf diesen Webseiten unterliegen dem deutschen Urheberrecht. S\u00e4mtliche Beitr\u00e4ge Dritter sind als solche gekennzeichnet. Die Vervielf\u00e4ltigung, Bearbeitung, Verbreitung und jede Art der Verwertung au\u00dferhalb der Grenzen des Urheberrechts bed\u00fcrfen der schriftlichen Zustimmung des jeweiligen Autors bzw. Erstellers. Kopien von diesen Seiten sind nur f\u00fcr den privaten Bereich gestattet, nicht jedoch f\u00fcr kommerzielle Zwecke.<\/p>\n<p><strong>Datenschutz<\/strong><br \/>\nF\u00fcr die Sicherheit der Daten\u00fcbertragung im Internet k\u00f6nnen wir keine Gew\u00e4hr \u00fcbernehmen, insbesondere besteht bei der \u00dcbertragung von Daten per E-Mail die Gefahr des Zugriffs durch Dritte.<\/p>\n<p>Im Falle der Erhebung personenbezogener Daten auf unseren Seiten erfolgt die Preisgabe dieser Daten seitens der Nutzenden stets auf freiwilliger Basis. Die Inanspruchnahme und Bezahlung aller angebotenen Dienste ist auch ohne Angabe solcher Daten bzw. unter Angabe anonymisierter Daten oder eines Pseudonyms gestattet, soweit dies technisch m\u00f6glich und zumutbar ist .<\/p>\n<p>Einer Nutzung der im Impressum ver\u00f6ffentlichten Kontaktdaten durch Dritte zu Werbezwecken wird hiermit ausdr\u00fccklich widersprochen. Der Betreiber beh\u00e4lt sich f\u00fcr den Fall unverlangt zugesandter Werbe- oder Informationsmaterialien ausdr\u00fccklich rechtliche Schritte vor.<\/p>\n<p><strong>Rechtswirksamkeit dieses Haftungsausschlusses<\/strong><br \/>\nSollten einzelne Regelungen oder Formulierungen dieses Haftungsausschlusses unwirksam sein oder werden, bleiben die \u00fcbrigen Regelungen in ihrem Inhalt und ihrer G\u00fcltigkeit hiervon unber\u00fchrt.<\/p>\n<p>Quelle: anwalt-seiten.de<\/p>\n<\/div><\/section><\/p><\/div>\n","protected":false},"excerpt":{"rendered":"","protected":false},"author":1,"featured_media":0,"parent":0,"menu_order":0,"comment_status":"closed","ping_status":"closed","template":"","meta":{"footnotes":""},"class_list":["post-92","page","type-page","status-publish","hentry"],"yoast_head":"<!-- This site is optimized with the Yoast SEO plugin v22.6 - https:\/\/yoast.com\/wordpress\/plugins\/seo\/ -->\n<title>Impressum - Runder Tisch<\/title>\n<meta name=\"robots\" content=\"index, follow, max-snippet:-1, max-image-preview:large, max-video-preview:-1\" \/>\n<link rel=\"canonical\" href=\"https:\/\/www.rundertischgegengewalt-rbk.de\/?page_id=92\" \/>\n<meta property=\"og:locale\" content=\"de_DE\" \/>\n<meta property=\"og:type\" content=\"article\" \/>\n<meta property=\"og:title\" content=\"Impressum - Runder Tisch\" \/>\n<meta property=\"og:url\" content=\"https:\/\/www.rundertischgegengewalt-rbk.de\/?page_id=92\" \/>\n<meta property=\"og:site_name\" content=\"Runder Tisch\" \/>\n<meta property=\"article:modified_time\" content=\"2022-01-31T08:43:55+00:00\" \/>\n<meta property=\"og:image\" content=\"http:\/\/www.rundertischgegengewalt-rbk.de\/wp-content\/uploads\/2021\/11\/mhkbg_nrw-300x64.png\" \/>\n<meta name=\"twitter:card\" content=\"summary_large_image\" \/>\n<meta name=\"twitter:label1\" content=\"Gesch\u00e4tzte Lesezeit\" \/>\n\t<meta name=\"twitter:data1\" content=\"4\u00a0Minuten\" \/>\n<script type=\"application\/ld+json\" class=\"yoast-schema-graph\">{\"@context\":\"https:\/\/schema.org\",\"@graph\":[{\"@type\":\"WebPage\",\"@id\":\"https:\/\/www.rundertischgegengewalt-rbk.de\/?page_id=92\",\"url\":\"https:\/\/www.rundertischgegengewalt-rbk.de\/?page_id=92\",\"name\":\"Impressum - Runder Tisch\",\"isPartOf\":{\"@id\":\"https:\/\/www.rundertischgegengewalt-rbk.de\/#website\"},\"primaryImageOfPage\":{\"@id\":\"https:\/\/www.rundertischgegengewalt-rbk.de\/?page_id=92#primaryimage\"},\"image\":{\"@id\":\"https:\/\/www.rundertischgegengewalt-rbk.de\/?page_id=92#primaryimage\"},\"thumbnailUrl\":\"http:\/\/www.rundertischgegengewalt-rbk.de\/wp-content\/uploads\/2021\/11\/mhkbg_nrw-300x64.png\",\"datePublished\":\"2021-11-16T15:42:18+00:00\",\"dateModified\":\"2022-01-31T08:43:55+00:00\",\"breadcrumb\":{\"@id\":\"https:\/\/www.rundertischgegengewalt-rbk.de\/?page_id=92#breadcrumb\"},\"inLanguage\":\"de\",\"potentialAction\":[{\"@type\":\"ReadAction\",\"target\":[\"https:\/\/www.rundertischgegengewalt-rbk.de\/?page_id=92\"]}]},{\"@type\":\"ImageObject\",\"inLanguage\":\"de\",\"@id\":\"https:\/\/www.rundertischgegengewalt-rbk.de\/?page_id=92#primaryimage\",\"url\":\"http:\/\/www.rundertischgegengewalt-rbk.de\/wp-content\/uploads\/2021\/11\/mhkbg_nrw-300x64.png\",\"contentUrl\":\"http:\/\/www.rundertischgegengewalt-rbk.de\/wp-content\/uploads\/2021\/11\/mhkbg_nrw-300x64.png\"},{\"@type\":\"BreadcrumbList\",\"@id\":\"https:\/\/www.rundertischgegengewalt-rbk.de\/?page_id=92#breadcrumb\",\"itemListElement\":[{\"@type\":\"ListItem\",\"position\":1,\"name\":\"Startseite\",\"item\":\"https:\/\/www.rundertischgegengewalt-rbk.de\/\"},{\"@type\":\"ListItem\",\"position\":2,\"name\":\"Impressum\"}]},{\"@type\":\"WebSite\",\"@id\":\"https:\/\/www.rundertischgegengewalt-rbk.de\/#website\",\"url\":\"https:\/\/www.rundertischgegengewalt-rbk.de\/\",\"name\":\"Runder Tisch\",\"description\":\"Keine Gewalt an Frauen\",\"publisher\":{\"@id\":\"https:\/\/www.rundertischgegengewalt-rbk.de\/#organization\"},\"potentialAction\":[{\"@type\":\"SearchAction\",\"target\":{\"@type\":\"EntryPoint\",\"urlTemplate\":\"https:\/\/www.rundertischgegengewalt-rbk.de\/?s={search_term_string}\"},\"query-input\":\"required name=search_term_string\"}],\"inLanguage\":\"de\"},{\"@type\":\"Organization\",\"@id\":\"https:\/\/www.rundertischgegengewalt-rbk.de\/#organization\",\"name\":\"Runder Tisch gegen h\u00e4usliche Gewalt im Rheinisch-Bergischen-Kreis\",\"url\":\"https:\/\/www.rundertischgegengewalt-rbk.de\/\",\"logo\":{\"@type\":\"ImageObject\",\"inLanguage\":\"de\",\"@id\":\"https:\/\/www.rundertischgegengewalt-rbk.de\/#\/schema\/logo\/image\/\",\"url\":\"http:\/\/www.rundertischgegengewalt-rbk.de\/wp-content\/uploads\/2021\/10\/logo_mit_schrift.png\",\"contentUrl\":\"http:\/\/www.rundertischgegengewalt-rbk.de\/wp-content\/uploads\/2021\/10\/logo_mit_schrift.png\",\"width\":598,\"height\":558,\"caption\":\"Runder Tisch gegen h\u00e4usliche Gewalt im Rheinisch-Bergischen-Kreis\"},\"image\":{\"@id\":\"https:\/\/www.rundertischgegengewalt-rbk.de\/#\/schema\/logo\/image\/\"}}]}<\/script>\n<!-- \/ Yoast SEO plugin. -->","yoast_head_json":{"title":"Impressum - Runder Tisch","robots":{"index":"index","follow":"follow","max-snippet":"max-snippet:-1","max-image-preview":"max-image-preview:large","max-video-preview":"max-video-preview:-1"},"canonical":"https:\/\/www.rundertischgegengewalt-rbk.de\/?page_id=92","og_locale":"de_DE","og_type":"article","og_title":"Impressum - Runder Tisch","og_url":"https:\/\/www.rundertischgegengewalt-rbk.de\/?page_id=92","og_site_name":"Runder Tisch","article_modified_time":"2022-01-31T08:43:55+00:00","og_image":[{"url":"http:\/\/www.rundertischgegengewalt-rbk.de\/wp-content\/uploads\/2021\/11\/mhkbg_nrw-300x64.png"}],"twitter_card":"summary_large_image","twitter_misc":{"Gesch\u00e4tzte Lesezeit":"4\u00a0Minuten"},"schema":{"@context":"https:\/\/schema.org","@graph":[{"@type":"WebPage","@id":"https:\/\/www.rundertischgegengewalt-rbk.de\/?page_id=92","url":"https:\/\/www.rundertischgegengewalt-rbk.de\/?page_id=92","name":"Impressum - Runder Tisch","isPartOf":{"@id":"https:\/\/www.rundertischgegengewalt-rbk.de\/#website"},"primaryImageOfPage":{"@id":"https:\/\/www.rundertischgegengewalt-rbk.de\/?page_id=92#primaryimage"},"image":{"@id":"https:\/\/www.rundertischgegengewalt-rbk.de\/?page_id=92#primaryimage"},"thumbnailUrl":"http:\/\/www.rundertischgegengewalt-rbk.de\/wp-content\/uploads\/2021\/11\/mhkbg_nrw-300x64.png","datePublished":"2021-11-16T15:42:18+00:00","dateModified":"2022-01-31T08:43:55+00:00","breadcrumb":{"@id":"https:\/\/www.rundertischgegengewalt-rbk.de\/?page_id=92#breadcrumb"},"inLanguage":"de","potentialAction":[{"@type":"ReadAction","target":["https:\/\/www.rundertischgegengewalt-rbk.de\/?page_id=92"]}]},{"@type":"ImageObject","inLanguage":"de","@id":"https:\/\/www.rundertischgegengewalt-rbk.de\/?page_id=92#primaryimage","url":"http:\/\/www.rundertischgegengewalt-rbk.de\/wp-content\/uploads\/2021\/11\/mhkbg_nrw-300x64.png","contentUrl":"http:\/\/www.rundertischgegengewalt-rbk.de\/wp-content\/uploads\/2021\/11\/mhkbg_nrw-300x64.png"},{"@type":"BreadcrumbList","@id":"https:\/\/www.rundertischgegengewalt-rbk.de\/?page_id=92#breadcrumb","itemListElement":[{"@type":"ListItem","position":1,"name":"Startseite","item":"https:\/\/www.rundertischgegengewalt-rbk.de\/"},{"@type":"ListItem","position":2,"name":"Impressum"}]},{"@type":"WebSite","@id":"https:\/\/www.rundertischgegengewalt-rbk.de\/#website","url":"https:\/\/www.rundertischgegengewalt-rbk.de\/","name":"Runder Tisch","description":"Keine Gewalt an Frauen","publisher":{"@id":"https:\/\/www.rundertischgegengewalt-rbk.de\/#organization"},"potentialAction":[{"@type":"SearchAction","target":{"@type":"EntryPoint","urlTemplate":"https:\/\/www.rundertischgegengewalt-rbk.de\/?s={search_term_string}"},"query-input":"required name=search_term_string"}],"inLanguage":"de"},{"@type":"Organization","@id":"https:\/\/www.rundertischgegengewalt-rbk.de\/#organization","name":"Runder Tisch gegen h\u00e4usliche Gewalt im Rheinisch-Bergischen-Kreis","url":"https:\/\/www.rundertischgegengewalt-rbk.de\/","logo":{"@type":"ImageObject","inLanguage":"de","@id":"https:\/\/www.rundertischgegengewalt-rbk.de\/#\/schema\/logo\/image\/","url":"http:\/\/www.rundertischgegengewalt-rbk.de\/wp-content\/uploads\/2021\/10\/logo_mit_schrift.png","contentUrl":"http:\/\/www.rundertischgegengewalt-rbk.de\/wp-content\/uploads\/2021\/10\/logo_mit_schrift.png","width":598,"height":558,"caption":"Runder Tisch gegen h\u00e4usliche Gewalt im Rheinisch-Bergischen-Kreis"},"image":{"@id":"https:\/\/www.rundertischgegengewalt-rbk.de\/#\/schema\/logo\/image\/"}}]}},"_links":{"self":[{"href":"https:\/\/www.rundertischgegengewalt-rbk.de\/index.php?rest_route=\/wp\/v2\/pages\/92","targetHints":{"allow":["GET"]}}],"collection":[{"href":"https:\/\/www.rundertischgegengewalt-rbk.de\/index.php?rest_route=\/wp\/v2\/pages"}],"about":[{"href":"https:\/\/www.rundertischgegengewalt-rbk.de\/index.php?rest_route=\/wp\/v2\/types\/page"}],"author":[{"embeddable":true,"href":"https:\/\/www.rundertischgegengewalt-rbk.de\/index.php?rest_route=\/wp\/v2\/users\/1"}],"replies":[{"embeddable":true,"href":"https:\/\/www.rundertischgegengewalt-rbk.de\/index.php?rest_route=%2Fwp%2Fv2%2Fcomments&post=92"}],"version-history":[{"count":8,"href":"https:\/\/www.rundertischgegengewalt-rbk.de\/index.php?rest_route=\/wp\/v2\/pages\/92\/revisions"}],"predecessor-version":[{"id":256,"href":"https:\/\/www.rundertischgegengewalt-rbk.de\/index.php?rest_route=\/wp\/v2\/pages\/92\/revisions\/256"}],"wp:attachment":[{"href":"https:\/\/www.rundertischgegengewalt-rbk.de\/index.php?rest_route=%2Fwp%2Fv2%2Fmedia&parent=92"}],"curies":[{"name":"wp","href":"https:\/\/api.w.org\/{rel}","templated":true}]}}