{"id":95,"date":"2021-11-18T16:25:45","date_gmt":"2021-11-18T16:25:45","guid":{"rendered":"http:\/\/www.rundertischgegengewalt-rbk.de\/?page_id=95"},"modified":"2022-05-09T07:49:25","modified_gmt":"2022-05-09T07:49:25","slug":"themen-von-a-z","status":"publish","type":"page","link":"https:\/\/www.rundertischgegengewalt-rbk.de\/?page_id=95","title":{"rendered":"Themen von A-Z"},"content":{"rendered":"<div class='flex_column av-3fon-def731fb99538fbc7053edfd999ee63b av_one_fifth  avia-builder-el-0  el_before_av_four_fifth  avia-builder-el-first  first no_margin flex_column_div av-hide-on-mobile '   ><\/div>\n\n<style type=\"text\/css\" data-created_by=\"avia_inline_auto\" id=\"style-css-av-sc4v-13361fb139bd854741f98b2f4f3730a7\">\n.flex_column.av-sc4v-13361fb139bd854741f98b2f4f3730a7{\npadding:0 0 0 0;\n}\n<\/style>\n<div class='flex_column av-sc4v-13361fb139bd854741f98b2f4f3730a7 av_four_fifth  avia-builder-el-1  el_after_av_one_fifth  avia-builder-el-last  no_margin flex_column_div '   ><p>\n<style type=\"text\/css\" data-created_by=\"avia_inline_auto\" id=\"style-css-av-kw6aoz4f-f070d1f47701440477d5b10e82a2a1d0\">\n#top .av-special-heading.av-kw6aoz4f-f070d1f47701440477d5b10e82a2a1d0{\npadding-bottom:10px;\n}\n<\/style>\n<div  class='av-special-heading av-kw6aoz4f-f070d1f47701440477d5b10e82a2a1d0 av-special-heading-h3 blockquote modern-quote  avia-builder-el-2  el_before_av_textblock  avia-builder-el-first  '><h3 class='av-special-heading-tag '  itemprop=\"headline\"  >Sie haben Zweifel, ob Ihr Anliegen schwerwiegend genug ist?<\/h3><div class='special-heading-border'><div class='special-heading-inner-border'><\/div><\/div><\/div><br \/>\n<section class=\"av_textblock_section \"  itemscope=\"itemscope\" itemtype=\"https:\/\/schema.org\/CreativeWork\" ><div class='avia_textblock  '   itemprop=\"text\" ><p><strong>Sie haben keine Schuld. Gewalt ist keine Privatsache und kommt in allen gesellschaftlichen Schichten vor.<\/strong><br \/>\n<strong> Jeder hat ein Recht auf Hilfe. Sie auch!<\/strong><\/p>\n<ul>\n<li><strong>Anonyme Spurensicherung (ASS)<\/strong><br \/>\nDie anonyme Spurensicherung erm\u00f6glicht Betroffenen von sexualisierter Gewalt eine rechtssichere \u00e4rztliche Dokumentation ihrer Verletzungen &#8211; ohne die Notwendigkeit einer sofortigen Anzeigenerstattung. Betroffene Frauen haben so die M\u00f6glichkeit, sich in Ruhe und ohne Druck zu \u00fcberlegen, ob sie Anzeige erstatten m\u00f6chten oder nicht.<\/li>\n<li><strong>Familienberatung<\/strong><br \/>\nWenn Familien in belastenden Krisensituationen Hilfe ben\u00f6tigen, k\u00f6nnen sie sich in Nordrhein-Westfalen an eine der rund 270 Familienberatungsstellen wenden. Das vom Ministerium f\u00fcr Kinder, Familie, Fl\u00fcchtlinge und Integration des Landes Nordrhein-Westfalen gef\u00f6rderte Angebot ist kostenfrei.<\/li>\n<li><strong>Genitalbeschneidung<\/strong><br \/>\nDie Beschneidung weiblicher Genitalien ist eine schwere Menschenrechtsverletzung. Durch Migration und mitgebrachte Traditionen ist die weibliche Genitalbeschneidung auch in Deutschland ein Thema. Die Landesregierung hat das Ziel, die Beschneidung von Genitalien zu verhindern und betroffene Opfer mit Beratung zu unterst\u00fctzen.<\/li>\n<li><strong>Geschlechterrollen<\/strong><br \/>\nNoch immer werden in unserer Gesellschaft gleichgeschlechtlich orientierte Menschen, trans*, inter* und queere Menschen (kurz: LSBTIQ*) diskriminiert. Sie sind im Alltag verbalen Anfeindungen und gewaltt\u00e4tigen \u00dcbergriffen ausgesetzt. Diskriminierende Attacken und Gewalterfahrung f\u00fchren oft zu einer extremen sozialen und psychischen Belastung.<\/li>\n<li><strong>Gewalt gegen Frauen<\/strong><br \/>\nGewalt gegen Frauen und M\u00e4dchen kommt in allen Gesellschaftsschichten vor und hat viele Gesichter. Zur Pr\u00e4vention sowie zum Schutz und zur Unterst\u00fctzung setzt die Landesregierung Nordrhein-Westfalen auf eine starke Hilfestruktur. Gewaltbetroffene Frauen und M\u00e4dchen k\u00f6nnen in zahlreichen landesgef\u00f6rderten Einrichtungen Schutz suchen sowie Rat und Hilfe erhalten.<\/li>\n<li><strong>Gewalt gegen M\u00e4nner<\/strong><br \/>\nJungen und M\u00e4nner werden Opfer von Gewalt. Ob physische Misshandlungen in der Kindheit, h\u00e4usliche Gewalt, Gewalt im \u00f6ffentlichen Raum, sexualisierte Gewalt, Mobbing, Stalking, Zwangsheirat oder Gewalt mit Diskriminierungsbezug \u2013 das Land Nordrhein-Westfalen nimmt Gewalt gegen Jungen und M\u00e4nnern umfassend in den Blick.<\/li>\n<li><strong>H\u00e4usliche Gewalt<\/strong><br \/>\nJede vierte in Deutschland lebende Frau zwischen 18 und 74 Jahren hat durch aktuelle oder fr\u00fchere Beziehungspartner bereits eine Form von physischer oder psychischer h\u00e4uslicher Gewalt erlebt. Opfer h\u00e4uslicher Gewalt leiden oft jahrelang, ohne sich jemandem anzuvertrauen, weil die Angst und Scham zu gro\u00df sind. Die Landesregierung hat vielf\u00e4ltige Initiativen ergriffen, um auf das Thema aufmerksam zu machen und den Schutz von betroffenen Frauen und M\u00e4dchen zu erh\u00f6hen.<\/li>\n<li><strong>K\u00f6rperverletzung<\/strong><br \/>\nWer eine andere Person k\u00f6rperlich misshandelt oder deren Gesundheit sch\u00e4digt, begeht eine Straftat, die laut Strafgesetzbuch mit einer Geldstrafe oder einer Freiheitsstrafe von bis zu f\u00fcnf Jahren geahndet werden kann. Auch der Versuch einer K\u00f6rperverletzung ist strafbar.<\/li>\n<li><strong>Operschutzportal<br \/>\n<\/strong>Unter \u201ewww.opferschutzportal.nrw steht das Portal Betroffenen, Angeh\u00f6rigen und Interessierten als Lotse f\u00fcr eine zielgerichtete Beratungsstellensuche und zur B\u00fcndelung vielf\u00e4ltiger Informationen zum Thema \u201eOpferschutz zur Verf\u00fcgung. Hierzu geh\u00f6ren u. a.auch Beratungsstellen, Zufluchtsorte, Telefonhotlines und Notrufnummern. Die Inhalte sind in Ukrainisch, Russisch, Englisch,Franz\u00f6sisch, T\u00fcrkisch und Arabisch \u00fcbersetzt.<br \/>\nAktuell wurde eine so genannte App zum Opferschutzportal ver\u00f6ffentlicht. Diese kann mit dem Smartphone direkt \u00fcber die Internetseite des Portals heruntergeladen werden.<\/li>\n<li><strong>Sexualisierte Gewalt<\/strong><br \/>\nStrafrechtlich relevant ist jede sexuelle Handlung, die gegen den erkennbaren Willen einer Person geschieht. Oftmals werden aus Scham oder Schuldvorw\u00fcrfen die Taten nicht zur Anzeige gebracht. Doch Schweigen hilft nur dem T\u00e4ter bzw. der T\u00e4terin. Opfer von Sexualdelikten sollten daher nicht z\u00f6gern, Straftaten anzuzeigen. Sie haben in jeder Situation Anspruch auf professionelle Unterst\u00fctzung.<\/li>\n<li><strong>Sexueller Missbrauch von Kindern<\/strong><br \/>\nAls \u201eSexuellen Missbrauch\u201c bezeichnet man alle Formen von sexueller Gewalt an Kindern.<br \/>\nMissbrauch ist eine sehr schwere Straftat und f\u00fcr die betroffenen Opfer h\u00e4ufig mit einer lebenslangen Leidenszeit verbunden.<\/li>\n<li><strong>Zeug*innenzimmer<br \/>\n<\/strong>Das Zeug*innenzimmer ist ein gesch\u00fctzter Aufenthaltsraum im Amtsgericht, der f\u00fcr Zeug*innen eingerichtet wurde, um mit Vertrauenspersonen alle Fragen und Bef\u00fcrchtungen vor einer Gerichtsverhandlung besprechen oder auch einfach nur in Ruhe auf die Verhandlung warten zu k\u00f6nnen.<\/li>\n<li><strong>Zwangsheirat<\/strong><br \/>\nZwangsverheiratung ist ein schwerer Versto\u00df gegen die Menschenrechte, der nach deutschem Recht strafbar ist. In vielen F\u00e4llen sind die zwangsverheirateten M\u00e4dchen noch minderj\u00e4hrig. Auch Jungen und junge M\u00e4nner k\u00f6nnen von Zwangsheirat betroffen sein.<\/li>\n<\/ul>\n<p>Quelle: https:\/\/www.opferschutzportal.nrw\/themen-von-z<\/p>\n<\/div><\/section><\/p><\/div>\n","protected":false},"excerpt":{"rendered":"","protected":false},"author":1,"featured_media":0,"parent":0,"menu_order":0,"comment_status":"closed","ping_status":"closed","template":"","meta":{"footnotes":""},"class_list":["post-95","page","type-page","status-publish","hentry"],"yoast_head":"<!-- This site is optimized with the Yoast SEO plugin v22.6 - https:\/\/yoast.com\/wordpress\/plugins\/seo\/ -->\n<title>Themen von A-Z - Runder Tisch<\/title>\n<meta name=\"robots\" content=\"index, follow, max-snippet:-1, max-image-preview:large, max-video-preview:-1\" \/>\n<link rel=\"canonical\" href=\"https:\/\/www.rundertischgegengewalt-rbk.de\/?page_id=95\" \/>\n<meta property=\"og:locale\" content=\"de_DE\" \/>\n<meta property=\"og:type\" content=\"article\" \/>\n<meta property=\"og:title\" content=\"Themen von A-Z - Runder Tisch\" \/>\n<meta property=\"og:url\" content=\"https:\/\/www.rundertischgegengewalt-rbk.de\/?page_id=95\" \/>\n<meta property=\"og:site_name\" content=\"Runder Tisch\" \/>\n<meta property=\"article:modified_time\" content=\"2022-05-09T07:49:25+00:00\" \/>\n<meta name=\"twitter:card\" content=\"summary_large_image\" \/>\n<meta name=\"twitter:label1\" content=\"Gesch\u00e4tzte Lesezeit\" \/>\n\t<meta name=\"twitter:data1\" content=\"5\u00a0Minuten\" \/>\n<script type=\"application\/ld+json\" class=\"yoast-schema-graph\">{\"@context\":\"https:\/\/schema.org\",\"@graph\":[{\"@type\":\"WebPage\",\"@id\":\"https:\/\/www.rundertischgegengewalt-rbk.de\/?page_id=95\",\"url\":\"https:\/\/www.rundertischgegengewalt-rbk.de\/?page_id=95\",\"name\":\"Themen von A-Z - Runder Tisch\",\"isPartOf\":{\"@id\":\"https:\/\/www.rundertischgegengewalt-rbk.de\/#website\"},\"datePublished\":\"2021-11-18T16:25:45+00:00\",\"dateModified\":\"2022-05-09T07:49:25+00:00\",\"breadcrumb\":{\"@id\":\"https:\/\/www.rundertischgegengewalt-rbk.de\/?page_id=95#breadcrumb\"},\"inLanguage\":\"de\",\"potentialAction\":[{\"@type\":\"ReadAction\",\"target\":[\"https:\/\/www.rundertischgegengewalt-rbk.de\/?page_id=95\"]}]},{\"@type\":\"BreadcrumbList\",\"@id\":\"https:\/\/www.rundertischgegengewalt-rbk.de\/?page_id=95#breadcrumb\",\"itemListElement\":[{\"@type\":\"ListItem\",\"position\":1,\"name\":\"Startseite\",\"item\":\"https:\/\/www.rundertischgegengewalt-rbk.de\/\"},{\"@type\":\"ListItem\",\"position\":2,\"name\":\"Themen von A-Z\"}]},{\"@type\":\"WebSite\",\"@id\":\"https:\/\/www.rundertischgegengewalt-rbk.de\/#website\",\"url\":\"https:\/\/www.rundertischgegengewalt-rbk.de\/\",\"name\":\"Runder Tisch\",\"description\":\"Keine Gewalt an Frauen\",\"publisher\":{\"@id\":\"https:\/\/www.rundertischgegengewalt-rbk.de\/#organization\"},\"potentialAction\":[{\"@type\":\"SearchAction\",\"target\":{\"@type\":\"EntryPoint\",\"urlTemplate\":\"https:\/\/www.rundertischgegengewalt-rbk.de\/?s={search_term_string}\"},\"query-input\":\"required name=search_term_string\"}],\"inLanguage\":\"de\"},{\"@type\":\"Organization\",\"@id\":\"https:\/\/www.rundertischgegengewalt-rbk.de\/#organization\",\"name\":\"Runder Tisch gegen h\u00e4usliche Gewalt im Rheinisch-Bergischen-Kreis\",\"url\":\"https:\/\/www.rundertischgegengewalt-rbk.de\/\",\"logo\":{\"@type\":\"ImageObject\",\"inLanguage\":\"de\",\"@id\":\"https:\/\/www.rundertischgegengewalt-rbk.de\/#\/schema\/logo\/image\/\",\"url\":\"http:\/\/www.rundertischgegengewalt-rbk.de\/wp-content\/uploads\/2021\/10\/logo_mit_schrift.png\",\"contentUrl\":\"http:\/\/www.rundertischgegengewalt-rbk.de\/wp-content\/uploads\/2021\/10\/logo_mit_schrift.png\",\"width\":598,\"height\":558,\"caption\":\"Runder Tisch gegen h\u00e4usliche Gewalt im Rheinisch-Bergischen-Kreis\"},\"image\":{\"@id\":\"https:\/\/www.rundertischgegengewalt-rbk.de\/#\/schema\/logo\/image\/\"}}]}<\/script>\n<!-- \/ Yoast SEO plugin. -->","yoast_head_json":{"title":"Themen von A-Z - Runder Tisch","robots":{"index":"index","follow":"follow","max-snippet":"max-snippet:-1","max-image-preview":"max-image-preview:large","max-video-preview":"max-video-preview:-1"},"canonical":"https:\/\/www.rundertischgegengewalt-rbk.de\/?page_id=95","og_locale":"de_DE","og_type":"article","og_title":"Themen von A-Z - Runder Tisch","og_url":"https:\/\/www.rundertischgegengewalt-rbk.de\/?page_id=95","og_site_name":"Runder Tisch","article_modified_time":"2022-05-09T07:49:25+00:00","twitter_card":"summary_large_image","twitter_misc":{"Gesch\u00e4tzte Lesezeit":"5\u00a0Minuten"},"schema":{"@context":"https:\/\/schema.org","@graph":[{"@type":"WebPage","@id":"https:\/\/www.rundertischgegengewalt-rbk.de\/?page_id=95","url":"https:\/\/www.rundertischgegengewalt-rbk.de\/?page_id=95","name":"Themen von A-Z - Runder Tisch","isPartOf":{"@id":"https:\/\/www.rundertischgegengewalt-rbk.de\/#website"},"datePublished":"2021-11-18T16:25:45+00:00","dateModified":"2022-05-09T07:49:25+00:00","breadcrumb":{"@id":"https:\/\/www.rundertischgegengewalt-rbk.de\/?page_id=95#breadcrumb"},"inLanguage":"de","potentialAction":[{"@type":"ReadAction","target":["https:\/\/www.rundertischgegengewalt-rbk.de\/?page_id=95"]}]},{"@type":"BreadcrumbList","@id":"https:\/\/www.rundertischgegengewalt-rbk.de\/?page_id=95#breadcrumb","itemListElement":[{"@type":"ListItem","position":1,"name":"Startseite","item":"https:\/\/www.rundertischgegengewalt-rbk.de\/"},{"@type":"ListItem","position":2,"name":"Themen von A-Z"}]},{"@type":"WebSite","@id":"https:\/\/www.rundertischgegengewalt-rbk.de\/#website","url":"https:\/\/www.rundertischgegengewalt-rbk.de\/","name":"Runder Tisch","description":"Keine Gewalt an Frauen","publisher":{"@id":"https:\/\/www.rundertischgegengewalt-rbk.de\/#organization"},"potentialAction":[{"@type":"SearchAction","target":{"@type":"EntryPoint","urlTemplate":"https:\/\/www.rundertischgegengewalt-rbk.de\/?s={search_term_string}"},"query-input":"required name=search_term_string"}],"inLanguage":"de"},{"@type":"Organization","@id":"https:\/\/www.rundertischgegengewalt-rbk.de\/#organization","name":"Runder Tisch gegen h\u00e4usliche Gewalt im Rheinisch-Bergischen-Kreis","url":"https:\/\/www.rundertischgegengewalt-rbk.de\/","logo":{"@type":"ImageObject","inLanguage":"de","@id":"https:\/\/www.rundertischgegengewalt-rbk.de\/#\/schema\/logo\/image\/","url":"http:\/\/www.rundertischgegengewalt-rbk.de\/wp-content\/uploads\/2021\/10\/logo_mit_schrift.png","contentUrl":"http:\/\/www.rundertischgegengewalt-rbk.de\/wp-content\/uploads\/2021\/10\/logo_mit_schrift.png","width":598,"height":558,"caption":"Runder Tisch gegen h\u00e4usliche Gewalt im Rheinisch-Bergischen-Kreis"},"image":{"@id":"https:\/\/www.rundertischgegengewalt-rbk.de\/#\/schema\/logo\/image\/"}}]}},"_links":{"self":[{"href":"https:\/\/www.rundertischgegengewalt-rbk.de\/index.php?rest_route=\/wp\/v2\/pages\/95","targetHints":{"allow":["GET"]}}],"collection":[{"href":"https:\/\/www.rundertischgegengewalt-rbk.de\/index.php?rest_route=\/wp\/v2\/pages"}],"about":[{"href":"https:\/\/www.rundertischgegengewalt-rbk.de\/index.php?rest_route=\/wp\/v2\/types\/page"}],"author":[{"embeddable":true,"href":"https:\/\/www.rundertischgegengewalt-rbk.de\/index.php?rest_route=\/wp\/v2\/users\/1"}],"replies":[{"embeddable":true,"href":"https:\/\/www.rundertischgegengewalt-rbk.de\/index.php?rest_route=%2Fwp%2Fv2%2Fcomments&post=95"}],"version-history":[{"count":16,"href":"https:\/\/www.rundertischgegengewalt-rbk.de\/index.php?rest_route=\/wp\/v2\/pages\/95\/revisions"}],"predecessor-version":[{"id":272,"href":"https:\/\/www.rundertischgegengewalt-rbk.de\/index.php?rest_route=\/wp\/v2\/pages\/95\/revisions\/272"}],"wp:attachment":[{"href":"https:\/\/www.rundertischgegengewalt-rbk.de\/index.php?rest_route=%2Fwp%2Fv2%2Fmedia&parent=95"}],"curies":[{"name":"wp","href":"https:\/\/api.w.org\/{rel}","templated":true}]}}